{"id":3,"date":"2022-04-14T17:24:36","date_gmt":"2022-04-14T15:24:36","guid":{"rendered":"http:\/\/monevasionzen.com\/?page_id=3"},"modified":"2022-04-18T18:22:17","modified_gmt":"2022-04-18T16:22:17","slug":"politique-de-confidentialite","status":"publish","type":"page","link":"http:\/\/monevasionzen.com\/index.php\/politique-de-confidentialite\/","title":{"rendered":"Politique de confidentialit\u00e9"},"content":{"rendered":"\n<h5 class=\"wp-block-heading\">Qui sommes-nous&nbsp;?<\/h5>\n\n\n\n<p>L\u2019adresse de notre site est&nbsp;: http:\/\/monevasionzen.com.<\/p>\n\n\n\n<h5 class=\"wp-block-heading\">Commentaires<\/h5>\n\n\n\n<p>Quand vous laissez un commentaire sur notre site, les donn\u00e9es inscrites dans le formulaire de commentaire, mais aussi votre adresse IP et l\u2019agent utilisateur de votre navigateur sont collect\u00e9s pour nous aider \u00e0 la d\u00e9tection des commentaires ind\u00e9sirables.<\/p>\n\n\n\n<p>Votre vie priv\u00e9e est importante pour monevasionzen.com. Cette d\u00e9claration de confidentialit\u00e9 explique quelles donn\u00e9es personnelles nous collectons aupr\u00e8s de nos utilisateurs et comment nous les utilisons. Nous vous encourageons \u00e0 lire attentivement ces conditions avant de fournir vos donn\u00e9es personnelles sur ce site Web.<\/p>\n\n\n\n<h5 class=\"wp-block-heading\">Protection des donn\u00e9es personnelles<\/h5>\n\n\n\n<p>Sur ce site, vos donn\u00e9es personnelles sont respect\u00e9es. En tant qu\u2019utilisateur, vous devez savoir que vos droits sont garantis.Le site<strong> monevasionzen.com<\/strong> r\u00e9pond aux exigences du R\u00e8glement (UE) 2016\/679 du Parlement europ\u00e9en et du Conseil du 27 avril 2016 relatif \u00e0 la protection des personnes physiques (RGPD), loi organique 3\/2018, du 5 d\u00e9cembre, protection des donn\u00e9es personnelles et garantie des droits num\u00e9riques (LOPDGDD), ainsi que la loi 34\/2002, du 11 juillet, Services de la soci\u00e9t\u00e9 de l\u2019information et du commerce \u00e9lectronique (LSSICE ou LSSI).<\/p>\n\n\n\n<h5 class=\"wp-block-heading\">Enfants mineurs de moins de 14 ans<\/h5>\n\n\n\n<p>Les personnes de plus de 14 ans peuvent utiliser toute fonction o\u00f9 des donn\u00e9es priv\u00e9es sont propos\u00e9es sans le consentement pr\u00e9alable de leurs parents ou tuteurs. Dans le cas des mineurs de moins de 14 ans, le consentement des parents ou tuteurs est requis pour le traitement de leurs donn\u00e9es personnelles. En aucun cas, ils ne collecteront des donn\u00e9es du mineur concernant la situation professionnelle, \u00e9conomique ou la vie priv\u00e9e des autres membres de la famille, sans son consentement. Si vous avez moins de 14 ans et que vous avez acc\u00e9d\u00e9 \u00e0 ce site Web sans en informer vos parents, vous ne devez partager aucune information personnelle.<\/p>\n\n\n\n<h5 class=\"wp-block-heading\">Responsable du traitement de toutes les donn\u00e9es personnelles<\/h5>\n\n\n\n<p>Identit\u00e9 responsable : Annick Dreuilhe <br>Nom commercial : monevasionzen.com <br>Courriel : <a href=\"mailto:monevasionzen@gmail.com\" target=\"_blank\" rel=\"noreferrer noopener\">monevasionzen@gmail.com<\/a><\/p>\n\n\n\n<p>The WordPress Foundation, domicili\u00e9e aux USA (https:\/\/wordpress.org (The WordPress Foundation). La Fondation WordPress traite les donn\u00e9es afin de fournir ses services de plate-forme Web \u00e0 <strong>monevasionzen.com.<\/strong><\/p>\n\n\n\n<h5 class=\"wp-block-heading\">Pourquoi collecter vos donn\u00e9es personnelles\u00a0?<\/h5>\n\n\n\n<p>Lorsqu\u2019un utilisateur se connecte \u00e0 ce site, pour envoyer un courrier \u00e9lectronique au propri\u00e9taire, s\u2019abonner ou conclure un contrat, il fournit des informations personnelles dont <strong>monevasionzen.com<\/strong> est responsable. Ces informations peuvent inclure des donn\u00e9es personnelles telles que votre adresse IP, votre nom, votre adresse physique, votre adresse e-mail, votre num\u00e9ro de t\u00e9l\u00e9phone et d\u2019autres informations. En fournissant ces informations, l\u2019utilisateur donne son consentement \u00e0 ce que ses informations soient collect\u00e9es, utilis\u00e9es, g\u00e9r\u00e9es et stock\u00e9es par <strong>monevasionzen.com<\/strong>, uniquement comme d\u00e9crit dans la pr\u00e9sente politique de confidentialit\u00e9.<\/p>\n\n\n\n<h5 class=\"wp-block-heading\">Vos droits<\/h5>\n\n\n\n<ul><li>Demander l\u2019acc\u00e8s \u00e0 vos donn\u00e9es personnelles<\/li><li>Demander sa rectification ou sa suppression<\/li><li>Demander la limitation de leur traitement<\/li><li>S\u2019opposer au traitement<\/li><li>Demander la portabilit\u00e9 des donn\u00e9es<\/li><\/ul>\n\n\n\n<p>Dans certaines circonstances, les parties int\u00e9ress\u00e9es peuvent demander la limitation du traitement de leurs donn\u00e9es, auquel cas elles ne seront conserv\u00e9es que pour l\u2019exercice ou la d\u00e9fense de r\u00e9clamations. En exer\u00e7ant votre droit \u00e0 la portabilit\u00e9 des donn\u00e9es, vous aurez le droit de transmettre les donn\u00e9es personnelles directement de responsable \u00e0 responsable lorsque cela est techniquement possible. Les parties int\u00e9ress\u00e9es auront \u00e9galement le droit \u00e0 une protection judiciaire effective et \u00e0 d\u00e9poser une r\u00e9clamation aupr\u00e8s de l\u2019autorit\u00e9 de contr\u00f4le, en l\u2019occurrence l\u2019Agence fran\u00e7aise de protection des donn\u00e9es, si elles consid\u00e8rent que le traitement des donn\u00e9es personnelles les concernant viole le r\u00e8glement.<strong> monevasionzen.com<\/strong> ne vend, ne loue ni ne transf\u00e8re les donn\u00e9es personnelles permettant d\u2019identifier l\u2019utilisateur, et ne le fera pas \u00e0 l\u2019avenir, \u00e0 des tiers sans son accord pr\u00e9alable.<\/p>\n\n\n\n<h5 class=\"wp-block-heading\">Collecte des donn\u00e9es personnelles<\/h5>\n\n\n\n<ul><li>Les donn\u00e9es personnelles que nous traitons sur <strong>monevasionzen.com<\/strong> proviennent du formulaire de contact. Le but est d\u2019\u00e9tablir la communication avec l\u2019int\u00e9ress\u00e9.<\/li><li>D\u2019autres donn\u00e9es non identifiantes obtenues via certains cookies t\u00e9l\u00e9charg\u00e9s sur l\u2019ordinateur de l\u2019utilisateur lors de la navigation sur ce site Web sont \u00e9galement collect\u00e9es, qui sont d\u00e9taill\u00e9es dans la politique relative aux cookies.<\/li><li>Pour g\u00e9rer les r\u00e9seaux sociaux. Ainsi que les conditions d\u2019utilisation, les politiques de confidentialit\u00e9 et les r\u00e8gles d\u2019acc\u00e8s qui appartiennent au r\u00e9seau social sont pr\u00e9alablement accept\u00e9es par l\u2019utilisateur de <strong>monevasionzen.com<\/strong>. Il traitera vos donn\u00e9es dans le but de g\u00e9rer correctement votre pr\u00e9sence sur le r\u00e9seau social, les activit\u00e9s de reporting, les produits ou services de monevasionzen.com. En aucun cas, nous n\u2019utiliserons les profils des abonn\u00e9s sur les r\u00e9seaux sociaux pour envoyer de la publicit\u00e9 individuellement.<\/li><\/ul>\n\n\n\n<h5 class=\"wp-block-heading\">Cat\u00e9gories de donn\u00e9es et dur\u00e9e de conservation<\/h5>\n\n\n\n<p>Les cat\u00e9gories de donn\u00e9es qui sont trait\u00e9es sont des donn\u00e9es d\u2019identification. Les cat\u00e9gories de donn\u00e9es sp\u00e9cialement prot\u00e9g\u00e9es ne sont pas trait\u00e9es. Elles seront conserv\u00e9es tant que la relation commerciale est maintenue ou jusqu\u2019\u00e0 la demande de suppression par l\u2019int\u00e9ress\u00e9.<\/p>\n\n\n\n<h5 class=\"wp-block-heading\">A quels destinataires vos donn\u00e9es seront-elles communiqu\u00e9es ?<\/h5>\n\n\n\n<p>Pour fournir des services strictement n\u00e9cessaires au d\u00e9veloppement de l\u2019activit\u00e9, <strong>monevasionzen.com<\/strong> partage les donn\u00e9es avec les prestataires suivants dans les conditions de confidentialit\u00e9 correspondantes :<strong> Google Analytics :<\/strong>&nbsp;un service d\u2019analyse Web fourni par Google Inc., une soci\u00e9t\u00e9 du Delaware dont le si\u00e8ge social est situ\u00e9 au 1600 Amphitheatre Parkway, Mountain View (Californie), CA 94043, \u00c9tats-Unis (\u00ab Google \u00bb). Google Analytics utilise des \u00ab cookies \u00bb, qui sont des fichiers texte situ\u00e9s sur votre ordinateur, pour aider <strong>monevasionzen.com<\/strong> \u00e0 analyser la fa\u00e7on dont les utilisateurs utilisent le site web.<\/p>\n\n\n\n<h5 class=\"wp-block-heading\">Consentement du traitement de vos donn\u00e9es<\/h5>\n\n\n\n<p>Pour contacter ou faire des commentaires sur ce site Web, le consentement est requis avec cette politique de confidentialit\u00e9. L\u2019offre prospective ou commerciale de services est fond\u00e9e sur le consentement qui est demand\u00e9, conditionnant l\u2019ex\u00e9cution du contrat d\u2019abonnement.<\/p>\n\n\n\n<h5 class=\"wp-block-heading\">Secret des donn\u00e9es<\/h5>\n\n\n\n<p><strong>monevasionzen.com<\/strong> s\u2019engage \u00e0 utiliser et \u00e0 traiter les donn\u00e9es personnelles des utilisateurs, en respectant leur confidentialit\u00e9 et en les utilisant conform\u00e9ment \u00e0 leur finalit\u00e9, ainsi qu\u2019\u00e0 se conformer \u00e0 leur obligation de les sauvegarder et d\u2019adapter toutes les mesures pour \u00e9viter toute alt\u00e9ration, perte, traitement ou acc\u00e8s non autoris\u00e9, conform\u00e9ment aux dispositions de la r\u00e9glementation en vigueur sur la protection des donn\u00e9es<strong>. monevasionzen.com<\/strong> s\u2019assurera que toute personne autoris\u00e9e par \u00e0 traiter les donn\u00e9es des clients (y compris son personnel, ses collaborateurs et ses prestataires), sera soumise \u00e0 l\u2019obligation appropri\u00e9e de confidentialit\u00e9 (soit une obligation contractuelle ou l\u00e9gale).<\/p>\n\n\n\n<h5 class=\"wp-block-heading\">S\u00e9curit\u00e9 des donn\u00e9es<\/h5>\n\n\n\n<p>Ce site Web comprend un certificat SSL. C\u2019est un protocole de s\u00e9curit\u00e9 qui fait voyager vos donn\u00e9es de mani\u00e8re int\u00e9grale et s\u00fbre, c\u2019est-\u00e0-dire que la transmission de donn\u00e9es entre un serveur et un internaute, et en retour, est enti\u00e8rement crypt\u00e9e. monevasionzen.com ne peut garantir l\u2019impr\u00e9gnabilit\u00e9 absolue du r\u00e9seau Internet. Lorsqu\u2019un incident de s\u00e9curit\u00e9 survient, <strong>monevasionzen.com<\/strong> doit en informer le Client sans retard injustifi\u00e9 et doit fournir en temps utile des informations relatives \u00e0 l\u2019Incident de s\u00e9curit\u00e9 tel qu\u2019il est connu ou lorsque le Client le demande.<\/p>\n\n\n\n<h5 class=\"wp-block-heading\">Exactitude et v\u00e9racit\u00e9 des donn\u00e9es<\/h5>\n\n\n\n<p>En tant qu\u2019utilisateur, vous \u00eates seul responsable de la v\u00e9racit\u00e9 et de l\u2019exactitude des donn\u00e9es que vous transmettez \u00e0 <strong>monevasionzen.com, <\/strong>et vous vous engagez \u00e0 les tenir \u00e0 jour.<\/p>\n\n\n\n<h5 class=\"wp-block-heading\">Acceptation et consentement<\/h5>\n\n\n\n<p>L\u2019utilisateur d\u00e9clare avoir \u00e9t\u00e9 inform\u00e9 des conditions de protection des donn\u00e9es personnelles, en acceptant et en consentant \u00e0 leur traitement par <strong>monevasionzen.com<\/strong> de la mani\u00e8re et aux fins indiqu\u00e9es dans la pr\u00e9sente politique de confidentialit\u00e9.<\/p>\n","protected":false},"excerpt":{"rendered":"<p>Qui sommes-nous&nbsp;? L\u2019adresse de notre site est&nbsp;: http:\/\/monevasionzen.com. Commentaires Quand vous laissez un commentaire sur notre site, les donn\u00e9es inscrites dans le formulaire de commentaire, mais aussi votre adresse IP et l\u2019agent utilisateur de votre navigateur sont collect\u00e9s pour nous aider \u00e0 la d\u00e9tection des commentaires ind\u00e9sirables. Votre vie priv\u00e9e est importante pour monevasionzen.com. Cette &hellip;<\/p>\n<p class=\"read-more\"> <a class=\"\" href=\"http:\/\/monevasionzen.com\/index.php\/politique-de-confidentialite\/\"> <span class=\"screen-reader-text\">Politique de confidentialit\u00e9<\/span> Read More &raquo;<\/a><\/p>\n","protected":false},"author":1,"featured_media":0,"parent":0,"menu_order":0,"comment_status":"closed","ping_status":"open","template":"","meta":{"site-sidebar-layout":"default","site-content-layout":"default","ast-global-header-display":"","ast-main-header-display":"","ast-hfb-above-header-display":"","ast-hfb-below-header-display":"","ast-hfb-mobile-header-display":"","site-post-title":"","ast-breadcrumbs-content":"","ast-featured-img":"","footer-sml-layout":"","theme-transparent-header-meta":"","adv-header-id-meta":"","stick-header-meta":"","header-above-stick-meta":"","header-main-stick-meta":"","header-below-stick-meta":"","footnotes":""},"_links":{"self":[{"href":"http:\/\/monevasionzen.com\/index.php\/wp-json\/wp\/v2\/pages\/3"}],"collection":[{"href":"http:\/\/monevasionzen.com\/index.php\/wp-json\/wp\/v2\/pages"}],"about":[{"href":"http:\/\/monevasionzen.com\/index.php\/wp-json\/wp\/v2\/types\/page"}],"author":[{"embeddable":true,"href":"http:\/\/monevasionzen.com\/index.php\/wp-json\/wp\/v2\/users\/1"}],"replies":[{"embeddable":true,"href":"http:\/\/monevasionzen.com\/index.php\/wp-json\/wp\/v2\/comments?post=3"}],"version-history":[{"count":4,"href":"http:\/\/monevasionzen.com\/index.php\/wp-json\/wp\/v2\/pages\/3\/revisions"}],"predecessor-version":[{"id":1468,"href":"http:\/\/monevasionzen.com\/index.php\/wp-json\/wp\/v2\/pages\/3\/revisions\/1468"}],"wp:attachment":[{"href":"http:\/\/monevasionzen.com\/index.php\/wp-json\/wp\/v2\/media?parent=3"}],"curies":[{"name":"wp","href":"https:\/\/api.w.org\/{rel}","templated":true}]}}