{"id":1360,"date":"2020-08-21T04:38:30","date_gmt":"2020-08-21T04:38:30","guid":{"rendered":"http:\/\/monevasionzen.com\/index.php\/home\/"},"modified":"2026-01-19T17:54:26","modified_gmt":"2026-01-19T16:54:26","slug":"home","status":"publish","type":"page","link":"http:\/\/monevasionzen.com\/","title":{"rendered":"Accueil"},"content":{"rendered":"\n<div class=\"wp-block-cover alignfull\" style=\"min-height:850px\"><span aria-hidden=\"true\" class=\"wp-block-cover__background has-ast-global-color-2-background-color has-background-dim-60 has-background-dim\"><\/span><img loading=\"lazy\" decoding=\"async\" width=\"1200\" height=\"630\" class=\"wp-block-cover__image-background wp-image-1372\" alt=\"\" src=\"http:\/\/monevasionzen.com\/wp-content\/uploads\/2022\/04\/accueil.jpg\" style=\"object-position:46% 47%\" data-object-fit=\"cover\" data-object-position=\"46% 47%\" srcset=\"http:\/\/monevasionzen.com\/wp-content\/uploads\/2022\/04\/accueil.jpg 1200w, http:\/\/monevasionzen.com\/wp-content\/uploads\/2022\/04\/accueil-300x158.jpg 300w, http:\/\/monevasionzen.com\/wp-content\/uploads\/2022\/04\/accueil-1024x538.jpg 1024w, http:\/\/monevasionzen.com\/wp-content\/uploads\/2022\/04\/accueil-768x403.jpg 768w\" sizes=\"(max-width: 1200px) 100vw, 1200px\" \/><div class=\"wp-block-cover__inner-container is-layout-flow wp-block-cover-is-layout-flow\">\n<p class=\"has-ast-global-color-4-color has-text-color\" style=\"font-size:44px\"><strong>Massages bien-\u00eatre<\/strong><\/p>\n\n\n\n<p class=\"has-ast-global-color-5-color has-text-color\"><strong>L<\/strong>e bien-\u00eatre est une qu\u00eate perp\u00e9tuelle.<br>Chacun emprunte son propre chemin pour y parvenir aussi souvent que possible, <br>le massage en est un, celui de l&#8217;\u00e9vasion des sens par le toucher&#8230; <\/p>\n\n\n\n<div class=\"wp-block-buttons is-layout-flex wp-block-buttons-is-layout-flex\">\n<div class=\"wp-block-button\"><a class=\"wp-block-button__link wp-element-button\" href=\"http:\/\/monevasionzen.com\/index.php\/carte-des-soins\/\">Voir la carte des soins<\/a><\/div>\n<\/div>\n<\/div><\/div>\n\n\n\n<div class=\"wp-block-columns is-layout-flex wp-container-core-columns-layout-3 wp-block-columns-is-layout-flex\">\n<div class=\"wp-block-column is-layout-flow wp-block-column-is-layout-flow\" style=\"flex-basis:100%\">\n<div class=\"inherit-container-width wp-block-group alignfull has-ast-global-color-5-background-color has-background is-layout-constrained wp-block-group-is-layout-constrained\"><div class=\"wp-block-group__inner-container\">\n<p class=\"has-text-align-center has-ast-global-color-1-color has-text-color has-large-font-size\"><strong>Un moment d&#8217;\u00e9vasion<br>pour votre bien-\u00eatre<\/strong><\/p>\n\n\n\n<p class=\"has-text-align-center\">Le toucher est un formidable vecteur de bien-\u00eatre utilis\u00e9 depuis l\u2019Antiquit\u00e9. <\/p>\n\n\n\n<p class=\"has-text-align-center\">La pratique du massage est ancestrale et pr\u00e9sente dans le monde entier. <\/p>\n\n\n\n<p class=\"has-text-align-center\">Depuis l\u2019Asie jusqu\u2019au Pacifique, le massage invite au voyage int\u00e9rieur \u00e0 travers une diversit\u00e9 de techniques. <\/p>\n\n\n\n<p class=\"has-text-align-center\">De la relaxation au rel\u00e2chement profond des tensions, les bienfaits sont nombreux : soulagement des souffrances \u00e9motionnelles, r\u00e9duction du stress, aide au l\u00e2cher-prise, am\u00e9lioration de l&#8217;aisance corporelle, stimulation du m\u00e9tabolisme.<\/p>\n\n\n\n<p class=\"has-text-align-center\">Il est tr\u00e8s recommand\u00e9 et facile d\u2019int\u00e9grer le massage dans sa vie quotidienne. Prendre soin de soi, une bonne attitude et une bonne habitude \u00e0 adopter pour se sentir bien dans son corps et dans sa t\u00eate. Tout comme le sport, les loisirs ou les voyages, le massage bien-\u00eatre apporte cette sensation d&#8217;\u00e9vasion, de rel\u00e2chement, d&#8217;\u00e9quilibre et d&#8217;harmonie dont nous avons r\u00e9guli\u00e8rement besoin.<\/p>\n\n\n\n<p class=\"has-text-align-center\">C\u2019est guid\u00e9 par l\u2019action des mains et des huiles essentielles sur le corps que la sensation d\u2019\u00e9quilibre et d\u2019harmonie na\u00eetra. <\/p>\n\n\n\n<p class=\"has-text-align-center\">Le massage c\u2019est prendre contact, entrer dans une relation, dans une communication, dans une intention de transmission d\u2019\u00e9nergie positive, et un accompagnement personnalis\u00e9 \u00e0 la qu\u00eate du bien-\u00eatre.<\/p>\n\n\n\n<p><\/p>\n\n\n\n<div class=\"wp-block-buttons is-horizontal is-content-justification-center is-layout-flex wp-container-core-buttons-layout-2 wp-block-buttons-is-layout-flex\">\n<div class=\"wp-block-button\"><a class=\"wp-block-button__link wp-element-button\" href=\"http:\/\/monevasionzen.com\/index.php\/a-propos\/\">A Propos<\/a><\/div>\n<\/div>\n\n\n\n<div class=\"wp-block-columns alignwide is-layout-flex wp-container-core-columns-layout-1 wp-block-columns-is-layout-flex\">\n<div class=\"wp-block-column is-layout-flow wp-block-column-is-layout-flow\">\n<div class=\"inherit-container-width wp-block-group has-ast-global-color-4-background-color has-background is-layout-constrained wp-block-group-is-layout-constrained\"><div class=\"wp-block-group__inner-container\">\n<p class=\"has-ast-global-color-1-color has-ast-global-color-4-background-color has-text-color has-background\" style=\"font-size:20px\"><strong><em>Massage relaxant<\/em><\/strong><\/p>\n\n\n\n<p class=\"has-ast-global-color-4-background-color has-background\">Un massage qui tranquillise, apaise, d\u00e9di\u00e9 exclusivement \u00e0 la d\u00e9tente, au l\u00e2cher-prise. Il facilite le sommeil. Il permet de retrouver une harmonie entre notre corps et notre esprit. Convient aux personnes stress\u00e9es, surmen\u00e9es. Conseill\u00e9 en fin de journ\u00e9e. Californien (USA), Lomi-Lomi (Pacifique), Ayurv\u00e9dique (Inde)\u2026<\/p>\n<\/div><\/div>\n\n\n\n<figure class=\"wp-block-image aligncenter size-full\"><img loading=\"lazy\" decoding=\"async\" width=\"500\" height=\"500\" src=\"http:\/\/monevasionzen.com\/wp-content\/uploads\/2022\/04\/relaxant500.jpg\" alt=\"\" class=\"wp-image-1505\" srcset=\"http:\/\/monevasionzen.com\/wp-content\/uploads\/2022\/04\/relaxant500.jpg 500w, http:\/\/monevasionzen.com\/wp-content\/uploads\/2022\/04\/relaxant500-300x300.jpg 300w, http:\/\/monevasionzen.com\/wp-content\/uploads\/2022\/04\/relaxant500-150x150.jpg 150w\" sizes=\"(max-width: 500px) 100vw, 500px\" \/><\/figure>\n<\/div>\n\n\n\n<div class=\"wp-block-column is-layout-flow wp-block-column-is-layout-flow\">\n<div class=\"inherit-container-width wp-block-group has-ast-global-color-4-background-color has-background is-layout-constrained wp-block-group-is-layout-constrained\"><div class=\"wp-block-group__inner-container\">\n<p class=\"has-ast-global-color-1-color has-ast-global-color-4-background-color has-text-color has-background has-medium-font-size\"><strong><em>Massage musculaire<\/em>&nbsp;<\/strong><\/p>\n\n\n\n<p class=\"has-ast-global-color-4-background-color has-background\">Un massage de remise en forme, rel\u00e2chement musculaire, soulagement des courbatures. Il procure de la tonicit\u00e9 de de la relaxation dans tout le corps. Convient aux personnes pratiquant un sport r\u00e9guli\u00e8rement et \u00e0 celles ressentant une fatigue musculaire g\u00e9n\u00e9rale. Peut se pratiquer le matin ou en fin de journ\u00e9e. Su\u00e9dois (Su\u00e8de), Cor\u00e9en (Cor\u00e9e)\u2026<\/p>\n<\/div><\/div>\n\n\n\n<figure class=\"wp-block-image aligncenter size-full\"><img loading=\"lazy\" decoding=\"async\" width=\"500\" height=\"500\" src=\"http:\/\/monevasionzen.com\/wp-content\/uploads\/2022\/04\/musculaire500.jpg\" alt=\"\" class=\"wp-image-1506\" srcset=\"http:\/\/monevasionzen.com\/wp-content\/uploads\/2022\/04\/musculaire500.jpg 500w, http:\/\/monevasionzen.com\/wp-content\/uploads\/2022\/04\/musculaire500-300x300.jpg 300w, http:\/\/monevasionzen.com\/wp-content\/uploads\/2022\/04\/musculaire500-150x150.jpg 150w\" sizes=\"(max-width: 500px) 100vw, 500px\" \/><\/figure>\n<\/div>\n<\/div>\n\n\n\n<div class=\"wp-block-columns is-layout-flex wp-container-core-columns-layout-2 wp-block-columns-is-layout-flex\">\n<div class=\"wp-block-column is-layout-flow wp-block-column-is-layout-flow\">\n<div class=\"inherit-container-width wp-block-group has-ast-global-color-4-background-color has-background is-layout-constrained wp-block-group-is-layout-constrained\"><div class=\"wp-block-group__inner-container\">\n<p class=\"has-ast-global-color-1-color has-ast-global-color-4-background-color has-text-color has-background has-medium-font-size\"><strong><em>Massage profond<\/em><\/strong><\/p>\n\n\n\n<p class=\"has-ast-global-color-4-background-color has-background\">Un massage de soulagement des tensions musculaires profondes. Il diminue les douleurs et les inflammations. Il vise \u00e0 redonner de la souplesse. Convient aux personnes souffrant de douleur chronique due \u00e0 une mauvaise posture ou une activit\u00e9 physique trop intense. Se pratique de pr\u00e9f\u00e9rence en fin de journ\u00e9e. Deep- Tissue (USA), Shiatsu (Japon)\u2026<\/p>\n<\/div><\/div>\n\n\n\n<figure class=\"wp-block-image aligncenter size-full\"><img loading=\"lazy\" decoding=\"async\" width=\"500\" height=\"500\" src=\"http:\/\/monevasionzen.com\/wp-content\/uploads\/2022\/04\/profond500.jpg\" alt=\"\" class=\"wp-image-1507\" srcset=\"http:\/\/monevasionzen.com\/wp-content\/uploads\/2022\/04\/profond500.jpg 500w, http:\/\/monevasionzen.com\/wp-content\/uploads\/2022\/04\/profond500-300x300.jpg 300w, http:\/\/monevasionzen.com\/wp-content\/uploads\/2022\/04\/profond500-150x150.jpg 150w\" sizes=\"(max-width: 500px) 100vw, 500px\" \/><\/figure>\n<\/div>\n\n\n\n<div class=\"wp-block-column is-vertically-aligned-top has-ast-global-color-4-background-color has-background is-layout-flow wp-block-column-is-layout-flow\">\n<p class=\"has-ast-global-color-1-color has-ast-global-color-4-background-color has-text-color has-background has-link-color has-medium-font-size wp-elements-8952e5f6e72a83cd81a079f5e2e9d596\"><em><strong>Massage stimulant et harmonisant<\/strong><\/em><\/p>\n\n\n\n<p class=\"has-ast-global-color-4-background-color has-background\">Un massage qui va promouvoir la relaxation, stimuler le m\u00e9tabolisme, favoriser l&#8217;harmonie du corps et de l&#8217;esprit. Un apaisement global tout en dynamisant les \u00e9nergies. Convient aux personnes ressentant de l&#8217;anxi\u00e9t\u00e9, du stress, un d\u00e9s\u00e9quilibre physique et mental. Se pratique de pr\u00e9f\u00e9rence en fin de journ\u00e9e. Lomi-lomi (Hawa\u00ef), Polyn\u00e9sien (Tahiti), Abhyanga (Inde)&#8230;<\/p>\n\n\n\n<figure class=\"wp-block-image size-full is-resized\"><img loading=\"lazy\" decoding=\"async\" width=\"496\" height=\"496\" src=\"http:\/\/monevasionzen.com\/wp-content\/uploads\/2023\/05\/Mon-Evasion-Pacifique-4.jpg\" alt=\"\" class=\"wp-image-1860\" style=\"width:550px;height:550px\" srcset=\"http:\/\/monevasionzen.com\/wp-content\/uploads\/2023\/05\/Mon-Evasion-Pacifique-4.jpg 496w, http:\/\/monevasionzen.com\/wp-content\/uploads\/2023\/05\/Mon-Evasion-Pacifique-4-300x300.jpg 300w, http:\/\/monevasionzen.com\/wp-content\/uploads\/2023\/05\/Mon-Evasion-Pacifique-4-150x150.jpg 150w\" sizes=\"(max-width: 496px) 100vw, 496px\" \/><\/figure>\n<\/div>\n<\/div>\n<\/div><\/div>\n<\/div>\n<\/div>\n","protected":false},"excerpt":{"rendered":"<p>Un moment d&#8217;\u00e9vasionpour votre bien-\u00eatre Le toucher est un formidable vecteur de bien-\u00eatre utilis\u00e9 depuis l\u2019Antiquit\u00e9. La pratique du massage est ancestrale et pr\u00e9sente dans le monde entier. Depuis l\u2019Asie jusqu\u2019au Pacifique, le massage invite au voyage int\u00e9rieur \u00e0 travers une diversit\u00e9 de techniques. De la relaxation au rel\u00e2chement profond des tensions, les bienfaits sont &hellip;<\/p>\n<p class=\"read-more\"> <a class=\"\" href=\"http:\/\/monevasionzen.com\/\"> <span class=\"screen-reader-text\">Accueil<\/span> Read More &raquo;<\/a><\/p>\n","protected":false},"author":1,"featured_media":0,"parent":0,"menu_order":0,"comment_status":"closed","ping_status":"closed","template":"","meta":{"site-sidebar-layout":"default","site-content-layout":"plain-container","ast-global-header-display":"","ast-main-header-display":"","ast-hfb-above-header-display":"","ast-hfb-below-header-display":"","ast-hfb-mobile-header-display":"","site-post-title":"disabled","ast-breadcrumbs-content":"","ast-featured-img":"","footer-sml-layout":"","theme-transparent-header-meta":"enabled","adv-header-id-meta":"","stick-header-meta":"","header-above-stick-meta":"","header-main-stick-meta":"","header-below-stick-meta":"","footnotes":""},"_links":{"self":[{"href":"http:\/\/monevasionzen.com\/index.php\/wp-json\/wp\/v2\/pages\/1360"}],"collection":[{"href":"http:\/\/monevasionzen.com\/index.php\/wp-json\/wp\/v2\/pages"}],"about":[{"href":"http:\/\/monevasionzen.com\/index.php\/wp-json\/wp\/v2\/types\/page"}],"author":[{"embeddable":true,"href":"http:\/\/monevasionzen.com\/index.php\/wp-json\/wp\/v2\/users\/1"}],"replies":[{"embeddable":true,"href":"http:\/\/monevasionzen.com\/index.php\/wp-json\/wp\/v2\/comments?post=1360"}],"version-history":[{"count":56,"href":"http:\/\/monevasionzen.com\/index.php\/wp-json\/wp\/v2\/pages\/1360\/revisions"}],"predecessor-version":[{"id":2137,"href":"http:\/\/monevasionzen.com\/index.php\/wp-json\/wp\/v2\/pages\/1360\/revisions\/2137"}],"wp:attachment":[{"href":"http:\/\/monevasionzen.com\/index.php\/wp-json\/wp\/v2\/media?parent=1360"}],"curies":[{"name":"wp","href":"https:\/\/api.w.org\/{rel}","templated":true}]}}