{"id":1131,"date":"2020-08-21T09:39:12","date_gmt":"2020-08-21T09:39:12","guid":{"rendered":"http:\/\/monevasionzen.com\/index.php\/about-us\/"},"modified":"2026-01-19T17:53:18","modified_gmt":"2026-01-19T16:53:18","slug":"a-propos","status":"publish","type":"page","link":"http:\/\/monevasionzen.com\/index.php\/a-propos\/","title":{"rendered":"A propos"},"content":{"rendered":"\n<div class=\"wp-block-cover alignfull\" style=\"min-height:550px\"><span aria-hidden=\"true\" class=\"wp-block-cover__background has-ast-global-color-2-background-color has-background-dim-60 has-background-dim\"><\/span><img loading=\"lazy\" decoding=\"async\" width=\"2560\" height=\"1708\" class=\"wp-block-cover__image-background wp-image-1429\" alt=\"\" src=\"http:\/\/monevasionzen.com\/wp-content\/uploads\/2022\/04\/apropos2-scaled.jpg\" style=\"object-position:69% 49%\" data-object-fit=\"cover\" data-object-position=\"69% 49%\" srcset=\"http:\/\/monevasionzen.com\/wp-content\/uploads\/2022\/04\/apropos2-scaled.jpg 2560w, http:\/\/monevasionzen.com\/wp-content\/uploads\/2022\/04\/apropos2-300x200.jpg 300w, http:\/\/monevasionzen.com\/wp-content\/uploads\/2022\/04\/apropos2-1024x683.jpg 1024w, http:\/\/monevasionzen.com\/wp-content\/uploads\/2022\/04\/apropos2-768x512.jpg 768w, http:\/\/monevasionzen.com\/wp-content\/uploads\/2022\/04\/apropos2-1536x1025.jpg 1536w, http:\/\/monevasionzen.com\/wp-content\/uploads\/2022\/04\/apropos2-2048x1366.jpg 2048w\" sizes=\"(max-width: 2560px) 100vw, 2560px\" \/><div class=\"wp-block-cover__inner-container is-layout-flow wp-block-cover-is-layout-flow\">\n<p class=\"has-white-color has-text-color\" style=\"font-size:43px\"><strong>A propos<\/strong><\/p>\n\n\n\n<p class=\"has-ast-global-color-4-color has-text-color\">Mon Evasion Zen est n\u00e9 de mon immense envie de procurer du bien au corps et \u00e0 l\u2019esprit, <br>en proposant une \u00e9vasion sensorielle personnalis\u00e9e.<\/p>\n<\/div><\/div>\n\n\n\n<div class=\"wp-block-media-text alignwide has-media-on-the-right is-stacked-on-mobile is-vertically-aligned-top\" style=\"grid-template-columns:auto 53%\"><div class=\"wp-block-media-text__content\">\n<p class=\"has-text-align-left has-ast-global-color-1-color has-text-color\" style=\"font-size:34px\"><strong>Pourquoi Mon Evasion Zen<\/strong><\/p>\n\n\n\n<p>Ancienne professionnelle dans le tourisme, la passion du voyage m\u2019a permis de m\u2019enrichir de diff\u00e9rentes cultures et d\u2019exp\u00e9rimenter les b\u00e9n\u00e9fices des massages bien-\u00eatre \u00e0 travers le monde. Le lien entre les voyages et les massages est pour moi une \u00e9vidence que je veux exprimer \u00e0 travers la pratique des soins bien-\u00eatre. <\/p>\n\n\n\n<p>Parce que chaque personne est unique, le massage sera conseill\u00e9 et adapt\u00e9, pour une \u00e9vasion sensorielle zen personnalis\u00e9e.<\/p>\n\n\n\n<p class=\"has-text-align-left has-ast-global-color-0-color has-text-color has-link-color wp-elements-9e184c354aa791a483e6c90b79f18e83\"><em> \u00ab&nbsp;L\u2019unique personne qui vous accompagne toute votre vie, c\u2019est vous-m\u00eame. Prenez soin de vous&nbsp;\u00bb (Anonyme)<\/em><\/p>\n\n\n\n<p>Votre praticienne est dipl\u00f4m\u00e9e Technicien Op\u00e9rateur Spa et a \u00e9t\u00e9 form\u00e9e \u00e0 l&#8217;EIS (Ecole Internationale du Spa) \u00e0 Paris<\/p>\n\n\n\n<figure class=\"wp-block-image aligncenter size-large is-resized\"><img loading=\"lazy\" decoding=\"async\" width=\"1024\" height=\"746\" src=\"http:\/\/monevasionzen.com\/wp-content\/uploads\/2023\/08\/Diplome-TOS-EIS-Paris--1024x746.jpg\" alt=\"\" class=\"wp-image-1904\" style=\"aspect-ratio:1.374251497005988;width:341px;height:auto\" srcset=\"http:\/\/monevasionzen.com\/wp-content\/uploads\/2023\/08\/Diplome-TOS-EIS-Paris--1024x746.jpg 1024w, http:\/\/monevasionzen.com\/wp-content\/uploads\/2023\/08\/Diplome-TOS-EIS-Paris--300x219.jpg 300w, http:\/\/monevasionzen.com\/wp-content\/uploads\/2023\/08\/Diplome-TOS-EIS-Paris--768x560.jpg 768w, http:\/\/monevasionzen.com\/wp-content\/uploads\/2023\/08\/Diplome-TOS-EIS-Paris--1536x1120.jpg 1536w, http:\/\/monevasionzen.com\/wp-content\/uploads\/2023\/08\/Diplome-TOS-EIS-Paris-.jpg 2044w\" sizes=\"(max-width: 1024px) 100vw, 1024px\" \/><\/figure>\n<\/div><figure class=\"wp-block-media-text__media\"><img loading=\"lazy\" decoding=\"async\" width=\"640\" height=\"445\" src=\"http:\/\/monevasionzen.com\/wp-content\/uploads\/2022\/04\/Annick.jpg\" alt=\"\" class=\"wp-image-1387 size-full\" srcset=\"http:\/\/monevasionzen.com\/wp-content\/uploads\/2022\/04\/Annick.jpg 640w, http:\/\/monevasionzen.com\/wp-content\/uploads\/2022\/04\/Annick-300x209.jpg 300w\" sizes=\"(max-width: 640px) 100vw, 640px\" \/><\/figure><\/div>\n\n\n\n<div class=\"inherit-container-width wp-block-group alignfull has-ast-global-color-5-background-color has-background is-layout-constrained wp-block-group-is-layout-constrained\"><div class=\"wp-block-group__inner-container\">\n<p class=\"has-text-align-center has-medium-font-size\"><strong><em>J&#8217;ai h\u00e2te de prendre soin de vous&#8230;<\/em><\/strong><\/p>\n\n\n\n<p class=\"has-text-align-center has-ast-global-color-1-color has-text-color has-medium-font-size\"><strong>Annick DREUILHE<\/strong><\/p>\n<\/div><\/div>\n\n\n\n<div class=\"inherit-container-width wp-block-group alignfull has-ast-global-color-5-background-color has-background is-layout-constrained wp-block-group-is-layout-constrained\"><div class=\"wp-block-group__inner-container\">\n<div class=\"wp-block-columns are-vertically-aligned-center is-layout-flex wp-container-core-columns-layout-1 wp-block-columns-is-layout-flex\">\n<div class=\"wp-block-column is-layout-flow wp-block-column-is-layout-flow\">\n<figure class=\"wp-block-image size-large\"><img loading=\"lazy\" decoding=\"async\" width=\"1024\" height=\"538\" src=\"http:\/\/monevasionzen.com\/wp-content\/uploads\/2022\/04\/Lieu-1024x538.jpg\" alt=\"\" class=\"wp-image-1389\" srcset=\"http:\/\/monevasionzen.com\/wp-content\/uploads\/2022\/04\/Lieu-1024x538.jpg 1024w, http:\/\/monevasionzen.com\/wp-content\/uploads\/2022\/04\/Lieu-300x158.jpg 300w, http:\/\/monevasionzen.com\/wp-content\/uploads\/2022\/04\/Lieu-768x403.jpg 768w, http:\/\/monevasionzen.com\/wp-content\/uploads\/2022\/04\/Lieu.jpg 1200w\" sizes=\"(max-width: 1024px) 100vw, 1024px\" \/><\/figure>\n\n\n\n<figure class=\"wp-block-image size-large is-style-default\"><img loading=\"lazy\" decoding=\"async\" width=\"1024\" height=\"461\" src=\"http:\/\/monevasionzen.com\/wp-content\/uploads\/2023\/02\/IMG_20220508_115937-3-1024x461.jpg\" alt=\"\" class=\"wp-image-1795\" srcset=\"http:\/\/monevasionzen.com\/wp-content\/uploads\/2023\/02\/IMG_20220508_115937-3-1024x461.jpg 1024w, http:\/\/monevasionzen.com\/wp-content\/uploads\/2023\/02\/IMG_20220508_115937-3-300x135.jpg 300w, http:\/\/monevasionzen.com\/wp-content\/uploads\/2023\/02\/IMG_20220508_115937-3-768x346.jpg 768w, http:\/\/monevasionzen.com\/wp-content\/uploads\/2023\/02\/IMG_20220508_115937-3-1536x691.jpg 1536w, http:\/\/monevasionzen.com\/wp-content\/uploads\/2023\/02\/IMG_20220508_115937-3-2048x922.jpg 2048w\" sizes=\"(max-width: 1024px) 100vw, 1024px\" \/><\/figure>\n<\/div>\n\n\n\n<div class=\"wp-block-column is-layout-flow wp-block-column-is-layout-flow\">\n<p class=\"has-ast-global-color-1-color has-text-color has-large-font-size\"><mark style=\"background-color:rgba(0, 0, 0, 0)\" class=\"has-inline-color has-ast-global-color-1-color\"><strong>L&#8217;environnement<\/strong><\/mark>, <strong>l&#8217;ambiance<\/strong><\/p>\n\n\n\n<p>Mon Evasion Zen vous accueille dans un lieu intimiste et cosy ou bien peut se d\u00e9placer \u00e0 votre domicile. Votre ambiance sera personnalis\u00e9e quelque soit le lieu choisi.<\/p>\n\n\n\n<figure class=\"wp-block-image size-large\"><img loading=\"lazy\" decoding=\"async\" width=\"1024\" height=\"461\" src=\"http:\/\/monevasionzen.com\/wp-content\/uploads\/2023\/02\/IMG_20211012_201109-1024x461.jpg\" alt=\"\" class=\"wp-image-1796\" srcset=\"http:\/\/monevasionzen.com\/wp-content\/uploads\/2023\/02\/IMG_20211012_201109-1024x461.jpg 1024w, http:\/\/monevasionzen.com\/wp-content\/uploads\/2023\/02\/IMG_20211012_201109-300x135.jpg 300w, http:\/\/monevasionzen.com\/wp-content\/uploads\/2023\/02\/IMG_20211012_201109-768x346.jpg 768w, http:\/\/monevasionzen.com\/wp-content\/uploads\/2023\/02\/IMG_20211012_201109-1536x691.jpg 1536w, http:\/\/monevasionzen.com\/wp-content\/uploads\/2023\/02\/IMG_20211012_201109-2048x922.jpg 2048w\" sizes=\"(max-width: 1024px) 100vw, 1024px\" \/><\/figure>\n<\/div>\n<\/div>\n<\/div><\/div>\n\n\n\n<p class=\"has-ast-global-color-1-color has-text-color has-link-color has-medium-font-size wp-elements-d26a9ceabd087ee7722ef82f94a5b623\"><strong><em>Vos avis comptent<\/em><\/strong>, <strong><em>merci pour votre confiance&#8230;<\/em><\/strong><\/p>\n\n\n\n<figure class=\"wp-block-image aligncenter size-full is-resized\"><img loading=\"lazy\" decoding=\"async\" width=\"594\" height=\"335\" src=\"http:\/\/monevasionzen.com\/wp-content\/uploads\/2026\/01\/Avis-Google-1.jpg\" alt=\"\" class=\"wp-image-2135\" style=\"width:341px;height:auto\" srcset=\"http:\/\/monevasionzen.com\/wp-content\/uploads\/2026\/01\/Avis-Google-1.jpg 594w, http:\/\/monevasionzen.com\/wp-content\/uploads\/2026\/01\/Avis-Google-1-300x169.jpg 300w\" sizes=\"(max-width: 594px) 100vw, 594px\" \/><\/figure>\n","protected":false},"excerpt":{"rendered":"<p>J&#8217;ai h\u00e2te de prendre soin de vous&#8230; Annick DREUILHE L&#8217;environnement, l&#8217;ambiance Mon Evasion Zen vous accueille dans un lieu intimiste et cosy ou bien peut se d\u00e9placer \u00e0 votre domicile. Votre ambiance sera personnalis\u00e9e quelque soit le lieu choisi. Vos avis comptent, merci pour votre confiance&#8230;<\/p>\n","protected":false},"author":1,"featured_media":0,"parent":0,"menu_order":0,"comment_status":"closed","ping_status":"closed","template":"","meta":{"site-sidebar-layout":"default","site-content-layout":"plain-container","ast-global-header-display":"","ast-main-header-display":"","ast-hfb-above-header-display":"","ast-hfb-below-header-display":"","ast-hfb-mobile-header-display":"","site-post-title":"","ast-breadcrumbs-content":"","ast-featured-img":"","footer-sml-layout":"","theme-transparent-header-meta":"enabled","adv-header-id-meta":"","stick-header-meta":"","header-above-stick-meta":"","header-main-stick-meta":"","header-below-stick-meta":"","footnotes":""},"_links":{"self":[{"href":"http:\/\/monevasionzen.com\/index.php\/wp-json\/wp\/v2\/pages\/1131"}],"collection":[{"href":"http:\/\/monevasionzen.com\/index.php\/wp-json\/wp\/v2\/pages"}],"about":[{"href":"http:\/\/monevasionzen.com\/index.php\/wp-json\/wp\/v2\/types\/page"}],"author":[{"embeddable":true,"href":"http:\/\/monevasionzen.com\/index.php\/wp-json\/wp\/v2\/users\/1"}],"replies":[{"embeddable":true,"href":"http:\/\/monevasionzen.com\/index.php\/wp-json\/wp\/v2\/comments?post=1131"}],"version-history":[{"count":35,"href":"http:\/\/monevasionzen.com\/index.php\/wp-json\/wp\/v2\/pages\/1131\/revisions"}],"predecessor-version":[{"id":2136,"href":"http:\/\/monevasionzen.com\/index.php\/wp-json\/wp\/v2\/pages\/1131\/revisions\/2136"}],"wp:attachment":[{"href":"http:\/\/monevasionzen.com\/index.php\/wp-json\/wp\/v2\/media?parent=1131"}],"curies":[{"name":"wp","href":"https:\/\/api.w.org\/{rel}","templated":true}]}}